{"id":93,"date":"2020-11-03T09:54:11","date_gmt":"2020-11-03T09:54:11","guid":{"rendered":"http:\/\/localhost:8888\/wordpress\/?page_id=93"},"modified":"2025-01-10T14:21:50","modified_gmt":"2025-01-10T14:21:50","slug":"kontakt","status":"publish","type":"page","link":"https:\/\/www.psychotherapie-strobl.at\/?page_id=93","title":{"rendered":"06-Kontakt"},"content":{"rendered":"\t\t<div data-elementor-type=\"wp-page\" data-elementor-id=\"93\" class=\"elementor elementor-93\">\n\t\t\t\t\t\t<section class=\"elementor-section elementor-top-section elementor-element elementor-element-8d34170 elementor-section-full_width elementor-section-height-default elementor-section-height-default wpr-particle-no wpr-jarallax-no wpr-parallax-no wpr-sticky-section-no\" data-id=\"8d34170\" data-element_type=\"section\" data-e-type=\"section\">\n\t\t\t\t\t\t<div class=\"elementor-container elementor-column-gap-default\">\n\t\t\t\t\t<div class=\"elementor-column elementor-col-100 elementor-top-column elementor-element elementor-element-43b069b\" data-id=\"43b069b\" data-element_type=\"column\" data-e-type=\"column\">\n\t\t\t<div class=\"elementor-widget-wrap elementor-element-populated\">\n\t\t\t\t\t\t<div class=\"elementor-element elementor-element-69f33c0 elementor-widget elementor-widget-image\" data-id=\"69f33c0\" data-element_type=\"widget\" data-e-type=\"widget\" data-widget_type=\"image.default\">\n\t\t\t\t<div class=\"elementor-widget-container\">\n\t\t\t\t\t\t\t\t\t\t\t\t\t\t\t<img fetchpriority=\"high\" decoding=\"async\" width=\"2129\" height=\"549\" src=\"http:\/\/www.psychotherapie-strobl.at\/wp-content\/uploads\/2023\/08\/20100723-DSC_2828.jpg\" class=\"attachment-full size-full wp-image-1296\" alt=\"\" srcset=\"http:\/\/www.psychotherapie-strobl.at\/wp-content\/uploads\/2023\/08\/20100723-DSC_2828.jpg 2129w, http:\/\/www.psychotherapie-strobl.at\/wp-content\/uploads\/2023\/08\/20100723-DSC_2828-300x77.jpg 300w, http:\/\/www.psychotherapie-strobl.at\/wp-content\/uploads\/2023\/08\/20100723-DSC_2828-1024x264.jpg 1024w, http:\/\/www.psychotherapie-strobl.at\/wp-content\/uploads\/2023\/08\/20100723-DSC_2828-768x198.jpg 768w, http:\/\/www.psychotherapie-strobl.at\/wp-content\/uploads\/2023\/08\/20100723-DSC_2828-1536x396.jpg 1536w, http:\/\/www.psychotherapie-strobl.at\/wp-content\/uploads\/2023\/08\/20100723-DSC_2828-2048x528.jpg 2048w, http:\/\/www.psychotherapie-strobl.at\/wp-content\/uploads\/2023\/08\/20100723-DSC_2828-1568x404.jpg 1568w\" sizes=\"(max-width: 2129px) 100vw, 2129px\" style=\"width:100%;height:25.79%;max-width:2129px\" \/>\t\t\t\t\t\t\t\t\t\t\t\t\t\t\t<\/div>\n\t\t\t\t<\/div>\n\t\t\t\t<div class=\"elementor-element elementor-element-fc55de9 elementor-widget elementor-widget-spacer\" data-id=\"fc55de9\" data-element_type=\"widget\" data-e-type=\"widget\" data-widget_type=\"spacer.default\">\n\t\t\t\t<div class=\"elementor-widget-container\">\n\t\t\t\t\t\t\t<div class=\"elementor-spacer\">\n\t\t\t<div class=\"elementor-spacer-inner\"><\/div>\n\t\t<\/div>\n\t\t\t\t\t\t<\/div>\n\t\t\t\t<\/div>\n\t\t\t\t\t<\/div>\n\t\t<\/div>\n\t\t\t\t\t<\/div>\n\t\t<\/section>\n\t\t\t\t<section class=\"elementor-section elementor-top-section elementor-element elementor-element-16e53e3 elementor-section-boxed elementor-section-height-default elementor-section-height-default wpr-particle-no wpr-jarallax-no wpr-parallax-no wpr-sticky-section-no\" data-id=\"16e53e3\" data-element_type=\"section\" data-e-type=\"section\">\n\t\t\t\t\t\t<div class=\"elementor-container elementor-column-gap-default\">\n\t\t\t\t\t<div class=\"elementor-column elementor-col-100 elementor-top-column elementor-element elementor-element-8043f7f\" data-id=\"8043f7f\" data-element_type=\"column\" data-e-type=\"column\">\n\t\t\t<div class=\"elementor-widget-wrap elementor-element-populated\">\n\t\t\t\t\t\t<div class=\"elementor-element elementor-element-89631ee elementor-widget elementor-widget-heading\" data-id=\"89631ee\" data-element_type=\"widget\" data-e-type=\"widget\" data-widget_type=\"heading.default\">\n\t\t\t\t<div class=\"elementor-widget-container\">\n\t\t\t\t\t<h2 class=\"elementor-heading-title elementor-size-default\">Kontakt<\/h2>\t\t\t\t<\/div>\n\t\t\t\t<\/div>\n\t\t\t\t<div class=\"elementor-element elementor-element-9c4ce13 elementor-widget elementor-widget-spacer\" data-id=\"9c4ce13\" data-element_type=\"widget\" data-e-type=\"widget\" data-widget_type=\"spacer.default\">\n\t\t\t\t<div class=\"elementor-widget-container\">\n\t\t\t\t\t\t\t<div class=\"elementor-spacer\">\n\t\t\t<div class=\"elementor-spacer-inner\"><\/div>\n\t\t<\/div>\n\t\t\t\t\t\t<\/div>\n\t\t\t\t<\/div>\n\t\t\t\t\t<\/div>\n\t\t<\/div>\n\t\t\t\t\t<\/div>\n\t\t<\/section>\n\t\t\t\t<section class=\"elementor-section elementor-top-section elementor-element elementor-element-32ba968 elementor-section-boxed elementor-section-height-default elementor-section-height-default wpr-particle-no wpr-jarallax-no wpr-parallax-no wpr-sticky-section-no\" data-id=\"32ba968\" data-element_type=\"section\" data-e-type=\"section\">\n\t\t\t\t\t\t<div class=\"elementor-container elementor-column-gap-default\">\n\t\t\t\t\t<div class=\"elementor-column elementor-col-100 elementor-top-column elementor-element elementor-element-ad46a47\" data-id=\"ad46a47\" data-element_type=\"column\" data-e-type=\"column\">\n\t\t\t<div class=\"elementor-widget-wrap elementor-element-populated\">\n\t\t\t\t\t\t<div class=\"elementor-element elementor-element-2301332 elementor-widget elementor-widget-text-editor\" data-id=\"2301332\" data-element_type=\"widget\" data-e-type=\"widget\" data-widget_type=\"text-editor.default\">\n\t\t\t\t<div class=\"elementor-widget-container\">\n\t\t\t\t\t\t\t\t\t<h4><b>Doris Strobl<\/b><\/h4><h3><b style=\"color: var( --e-global-color-text ); font-family: var( --e-global-typography-text-font-family ), Lato; font-size: var(--global--font-size-base);\">Email: praxis (at) strobls.at<br \/><\/b><b style=\"color: var( --e-global-color-text ); font-family: var( --e-global-typography-text-font-family ), Lato; font-size: var(--global--font-size-base);\">Telefon: +43 660 444 5753<\/b><\/h3><p><i><span style=\"font-weight: 400;\">Bitte hinterlassen Sie eine Nachricht mit R\u00fcckrufm\u00f6glichkeit,\u00a0<\/span><\/i><\/p><p><i><span style=\"font-weight: 400;\">sollten Sie mich nicht pers\u00f6nlich erreichen.<\/span><\/i><\/p>\t\t\t\t\t\t\t\t<\/div>\n\t\t\t\t<\/div>\n\t\t\t\t\t<\/div>\n\t\t<\/div>\n\t\t\t\t\t<\/div>\n\t\t<\/section>\n\t\t\t\t<section class=\"elementor-section elementor-top-section elementor-element elementor-element-03e3a1a elementor-section-boxed elementor-section-height-default elementor-section-height-default wpr-particle-no wpr-jarallax-no wpr-parallax-no wpr-sticky-section-no\" data-id=\"03e3a1a\" data-element_type=\"section\" data-e-type=\"section\">\n\t\t\t\t\t\t<div class=\"elementor-container elementor-column-gap-default\">\n\t\t\t\t\t<div class=\"elementor-column elementor-col-100 elementor-top-column elementor-element elementor-element-fb65337\" data-id=\"fb65337\" data-element_type=\"column\" data-e-type=\"column\">\n\t\t\t<div class=\"elementor-widget-wrap elementor-element-populated\">\n\t\t\t\t\t\t<div class=\"elementor-element elementor-element-a07c5f5 elementor-widget elementor-widget-spacer\" data-id=\"a07c5f5\" data-element_type=\"widget\" data-e-type=\"widget\" data-widget_type=\"spacer.default\">\n\t\t\t\t<div class=\"elementor-widget-container\">\n\t\t\t\t\t\t\t<div class=\"elementor-spacer\">\n\t\t\t<div class=\"elementor-spacer-inner\"><\/div>\n\t\t<\/div>\n\t\t\t\t\t\t<\/div>\n\t\t\t\t<\/div>\n\t\t\t\t\t<\/div>\n\t\t<\/div>\n\t\t\t\t\t<\/div>\n\t\t<\/section>\n\t\t\t\t<section class=\"elementor-section elementor-top-section elementor-element elementor-element-2c66fce elementor-section-boxed elementor-section-height-default elementor-section-height-default wpr-particle-no wpr-jarallax-no wpr-parallax-no wpr-sticky-section-no\" data-id=\"2c66fce\" data-element_type=\"section\" data-e-type=\"section\">\n\t\t\t\t\t\t<div class=\"elementor-container elementor-column-gap-default\">\n\t\t\t\t\t<div class=\"elementor-column elementor-col-100 elementor-top-column elementor-element elementor-element-795d003\" data-id=\"795d003\" data-element_type=\"column\" data-e-type=\"column\">\n\t\t\t<div class=\"elementor-widget-wrap elementor-element-populated\">\n\t\t\t\t\t\t<div class=\"elementor-element elementor-element-a321be2 elementor-widget elementor-widget-heading\" data-id=\"a321be2\" data-element_type=\"widget\" data-e-type=\"widget\" data-widget_type=\"heading.default\">\n\t\t\t\t<div class=\"elementor-widget-container\">\n\t\t\t\t\t<h1 class=\"elementor-heading-title elementor-size-xl\">Meine Praxis<\/h1>\t\t\t\t<\/div>\n\t\t\t\t<\/div>\n\t\t\t\t\t<\/div>\n\t\t<\/div>\n\t\t\t\t\t<\/div>\n\t\t<\/section>\n\t\t\t\t<section class=\"elementor-section elementor-top-section elementor-element elementor-element-4827747 elementor-section-boxed elementor-section-height-default elementor-section-height-default wpr-particle-no wpr-jarallax-no wpr-parallax-no wpr-sticky-section-no\" data-id=\"4827747\" data-element_type=\"section\" data-e-type=\"section\">\n\t\t\t\t\t\t<div class=\"elementor-container elementor-column-gap-default\">\n\t\t\t\t\t<div class=\"elementor-column elementor-col-100 elementor-top-column elementor-element elementor-element-3db4bce\" data-id=\"3db4bce\" data-element_type=\"column\" data-e-type=\"column\">\n\t\t\t<div class=\"elementor-widget-wrap elementor-element-populated\">\n\t\t\t\t\t\t<div class=\"elementor-element elementor-element-4346606 elementor-widget elementor-widget-text-editor\" data-id=\"4346606\" data-element_type=\"widget\" data-e-type=\"widget\" data-widget_type=\"text-editor.default\">\n\t\t\t\t<div class=\"elementor-widget-container\">\n\t\t\t\t\t\t\t\t\t<p><span style=\"color: var( --e-global-color-text ); font-size: var(--global--font-size-base); font-family: var(--global--font-secondary);\">Ich habe f\u00fcr Sie meine Praxis im <\/span><a href=\"http:\/\/www.rosenvilla.org\/\" style=\"font-size: var(--global--font-size-base); font-family: var(--global--font-secondary);\">Gesundheitszentrum Rosenvilla<\/a><span style=\"color: var( --e-global-color-text ); font-size: var(--global--font-size-base); font-family: var(--global--font-secondary);\"> am Gie\u00dfh\u00fcbl bei Wien eingerichtet.<\/span><\/p>\n<p><span style=\"font-weight: 400;\">Es erwarten Sie dort R\u00e4ume, in denen Sie sich gleich wohlf\u00fchlen werden.<\/span><\/p>\n<p><span style=\"font-weight: 400;\">Parkpl\u00e4tze finden Sie direkt vor dem Haus und auch die Bushaltestelle ist nur wenige Schritte entfernt.<\/span><\/p>\n<p><\/p>\t\t\t\t\t\t\t\t<\/div>\n\t\t\t\t<\/div>\n\t\t\t\t\t<\/div>\n\t\t<\/div>\n\t\t\t\t\t<\/div>\n\t\t<\/section>\n\t\t\t\t<section class=\"elementor-section elementor-top-section elementor-element elementor-element-0154ef6 elementor-section-boxed elementor-section-height-default elementor-section-height-default wpr-particle-no wpr-jarallax-no wpr-parallax-no wpr-sticky-section-no\" data-id=\"0154ef6\" data-element_type=\"section\" data-e-type=\"section\">\n\t\t\t\t\t\t<div class=\"elementor-container elementor-column-gap-default\">\n\t\t\t\t\t<div class=\"elementor-column elementor-col-100 elementor-top-column elementor-element elementor-element-70dee56\" data-id=\"70dee56\" data-element_type=\"column\" data-e-type=\"column\">\n\t\t\t<div class=\"elementor-widget-wrap elementor-element-populated\">\n\t\t\t\t\t\t<section class=\"elementor-section elementor-inner-section elementor-element elementor-element-813b4e5 elementor-section-boxed elementor-section-height-default elementor-section-height-default wpr-particle-no wpr-jarallax-no wpr-parallax-no wpr-sticky-section-no\" data-id=\"813b4e5\" data-element_type=\"section\" data-e-type=\"section\">\n\t\t\t\t\t\t<div class=\"elementor-container elementor-column-gap-default\">\n\t\t\t\t\t<div class=\"elementor-column elementor-col-100 elementor-inner-column elementor-element elementor-element-a4c44be\" data-id=\"a4c44be\" data-element_type=\"column\" data-e-type=\"column\">\n\t\t\t<div class=\"elementor-widget-wrap elementor-element-populated\">\n\t\t\t\t\t\t<div class=\"elementor-element elementor-element-3854fd8 elementor-widget elementor-widget-text-editor\" data-id=\"3854fd8\" data-element_type=\"widget\" data-e-type=\"widget\" data-widget_type=\"text-editor.default\">\n\t\t\t\t<div class=\"elementor-widget-container\">\n\t\t\t\t\t\t\t\t\t<p><span style=\"font-weight: bold;\">Gesundheitszentrum Rosenvilla<\/span><\/p><p>Johannesgasse 9, 2372 Giessh\u00fcbl<\/p><p>website:\u00a0<span style=\"font-weight: bold;\"><a href=\"http:\/\/www.rosenvilla.org\/\">www.rosenvilla.org<\/a><\/span><\/p>\t\t\t\t\t\t\t\t<\/div>\n\t\t\t\t<\/div>\n\t\t\t\t\t<\/div>\n\t\t<\/div>\n\t\t\t\t\t<\/div>\n\t\t<\/section>\n\t\t\t\t<div class=\"elementor-element elementor-element-2749ff0 elementor-widget elementor-widget-accordion\" data-id=\"2749ff0\" data-element_type=\"widget\" data-e-type=\"widget\" data-widget_type=\"accordion.default\">\n\t\t\t\t<div class=\"elementor-widget-container\">\n\t\t\t\t\t\t\t<div class=\"elementor-accordion\">\n\t\t\t\t\t\t\t<div class=\"elementor-accordion-item\">\n\t\t\t\t\t<div id=\"elementor-tab-title-4111\" class=\"elementor-tab-title\" data-tab=\"1\" role=\"button\" aria-controls=\"elementor-tab-content-4111\" aria-expanded=\"false\">\n\t\t\t\t\t\t\t\t\t\t\t\t\t<span class=\"elementor-accordion-icon elementor-accordion-icon-left\" aria-hidden=\"true\">\n\t\t\t\t\t\t\t\t\t\t\t\t\t\t\t<span class=\"elementor-accordion-icon-closed\"><i class=\"fas fa-plus\"><\/i><\/span>\n\t\t\t\t\t\t\t\t<span class=\"elementor-accordion-icon-opened\"><i class=\"fas fa-minus\"><\/i><\/span>\n\t\t\t\t\t\t\t\t\t\t\t\t\t\t<\/span>\n\t\t\t\t\t\t\t\t\t\t\t\t<a class=\"elementor-accordion-title\" tabindex=\"0\">Anfahrtsplan\u200b<\/a>\n\t\t\t\t\t<\/div>\n\t\t\t\t\t<div id=\"elementor-tab-content-4111\" class=\"elementor-tab-content elementor-clearfix\" data-tab=\"1\" role=\"region\" aria-labelledby=\"elementor-tab-title-4111\"><p><a href=\"_wp_link_placeholder\" data-wplink-edit=\"true\"><strong>Anfahrt mit dem Auto: <\/strong><\/a><\/p><ul><li><a href=\"_wp_link_placeholder\">aus dem Raum M\u00f6dling<\/a><\/li><li><a href=\"_wp_link_placeholder\">aus Perchtoldsdorf<\/a><\/li><li><a href=\"_wp_link_placeholder\">via Autobahn A21<\/a><\/li><li><a href=\"_wp_link_placeholder\">Ausfahrt 32<\/a><\/li><\/ul><p><a href=\"_wp_link_placeholder\"><strong>Anfahrt mit dem Postbus:<\/strong><\/a><\/p><ul><li><a href=\"_wp_link_placeholder\">\u00a0Linie 262 (von \/ nach M\u00f6dling)\u00a0<\/a>Haltestelle Gie\u00dfh\u00fcbl Friedhof\u00a0<span style=\"font-family: var(--list--font-family); color: var( --e-global-color-text ); font-size: var(--global--font-size-base);\">(Fu\u00dfweg 3 min.)<\/span><\/li><li><a href=\"_wp_link_placeholder\">\u00a0Linie 256 (von \/ nach Liesing \/ Perchtoldsdorf) <\/a>Haltestelle Gie\u00dfh\u00fcbl Autobahnanschluss\u00a0<span style=\"color: var( --e-global-color-text ); font-family: var(--list--font-family); font-size: var(--global--font-size-base);\">(Fu\u00dfweg 8 min.)<\/span><\/li><\/ul><\/div>\n\t\t\t\t<\/div>\n\t\t\t\t\t\t\t\t<\/div>\n\t\t\t\t\t\t<\/div>\n\t\t\t\t<\/div>\n\t\t\t\t\t<\/div>\n\t\t<\/div>\n\t\t\t\t\t<\/div>\n\t\t<\/section>\n\t\t\t\t<section class=\"elementor-section elementor-top-section elementor-element elementor-element-82e8441 elementor-section-boxed elementor-section-height-default elementor-section-height-default wpr-particle-no wpr-jarallax-no wpr-parallax-no wpr-sticky-section-no\" data-id=\"82e8441\" data-element_type=\"section\" data-e-type=\"section\">\n\t\t\t\t\t\t<div class=\"elementor-container elementor-column-gap-default\">\n\t\t\t\t\t<div class=\"elementor-column elementor-col-33 elementor-top-column elementor-element elementor-element-d2b0d28\" data-id=\"d2b0d28\" data-element_type=\"column\" data-e-type=\"column\">\n\t\t\t<div class=\"elementor-widget-wrap elementor-element-populated\">\n\t\t\t\t\t\t<div class=\"elementor-element elementor-element-c1cd49f elementor-widget elementor-widget-image\" data-id=\"c1cd49f\" data-element_type=\"widget\" data-e-type=\"widget\" data-widget_type=\"image.default\">\n\t\t\t\t<div class=\"elementor-widget-container\">\n\t\t\t\t\t\t\t\t\t\t\t\t\t\t\t<img decoding=\"async\" width=\"750\" height=\"500\" src=\"http:\/\/www.psychotherapie-strobl.at\/wp-content\/uploads\/2023\/08\/Web-29.jpg\" class=\"attachment-large size-large wp-image-1312\" alt=\"\" srcset=\"http:\/\/www.psychotherapie-strobl.at\/wp-content\/uploads\/2023\/08\/Web-29.jpg 1000w, http:\/\/www.psychotherapie-strobl.at\/wp-content\/uploads\/2023\/08\/Web-29-300x200.jpg 300w, http:\/\/www.psychotherapie-strobl.at\/wp-content\/uploads\/2023\/08\/Web-29-768x512.jpg 768w\" sizes=\"(max-width: 750px) 100vw, 750px\" style=\"width:100%;height:66.7%;max-width:1000px\" \/>\t\t\t\t\t\t\t\t\t\t\t\t\t\t\t<\/div>\n\t\t\t\t<\/div>\n\t\t\t\t\t<\/div>\n\t\t<\/div>\n\t\t\t\t<div class=\"elementor-column elementor-col-33 elementor-top-column elementor-element elementor-element-e39503f\" data-id=\"e39503f\" data-element_type=\"column\" data-e-type=\"column\">\n\t\t\t<div class=\"elementor-widget-wrap elementor-element-populated\">\n\t\t\t\t\t\t<div class=\"elementor-element elementor-element-8f9f233 elementor-widget elementor-widget-image\" data-id=\"8f9f233\" data-element_type=\"widget\" data-e-type=\"widget\" data-widget_type=\"image.default\">\n\t\t\t\t<div class=\"elementor-widget-container\">\n\t\t\t\t\t\t\t\t\t\t\t\t\t\t\t<img decoding=\"async\" width=\"750\" height=\"500\" src=\"http:\/\/www.psychotherapie-strobl.at\/wp-content\/uploads\/2023\/08\/Web-29-2.jpg\" class=\"attachment-large size-large wp-image-1311\" alt=\"\" srcset=\"http:\/\/www.psychotherapie-strobl.at\/wp-content\/uploads\/2023\/08\/Web-29-2.jpg 1000w, http:\/\/www.psychotherapie-strobl.at\/wp-content\/uploads\/2023\/08\/Web-29-2-300x200.jpg 300w, http:\/\/www.psychotherapie-strobl.at\/wp-content\/uploads\/2023\/08\/Web-29-2-768x512.jpg 768w\" sizes=\"(max-width: 750px) 100vw, 750px\" style=\"width:100%;height:66.7%;max-width:1000px\" \/>\t\t\t\t\t\t\t\t\t\t\t\t\t\t\t<\/div>\n\t\t\t\t<\/div>\n\t\t\t\t\t<\/div>\n\t\t<\/div>\n\t\t\t\t<div class=\"elementor-column elementor-col-33 elementor-top-column elementor-element elementor-element-36f5261\" data-id=\"36f5261\" data-element_type=\"column\" data-e-type=\"column\">\n\t\t\t<div class=\"elementor-widget-wrap elementor-element-populated\">\n\t\t\t\t\t\t<div class=\"elementor-element elementor-element-3a36f26 elementor-widget elementor-widget-image\" data-id=\"3a36f26\" data-element_type=\"widget\" data-e-type=\"widget\" data-widget_type=\"image.default\">\n\t\t\t\t<div class=\"elementor-widget-container\">\n\t\t\t\t\t\t\t\t\t\t\t\t\t\t\t<img loading=\"lazy\" decoding=\"async\" width=\"750\" height=\"498\" src=\"http:\/\/www.psychotherapie-strobl.at\/wp-content\/uploads\/2023\/08\/Web-.jpg\" class=\"attachment-large size-large wp-image-1313\" alt=\"\" srcset=\"http:\/\/www.psychotherapie-strobl.at\/wp-content\/uploads\/2023\/08\/Web-.jpg 1024w, http:\/\/www.psychotherapie-strobl.at\/wp-content\/uploads\/2023\/08\/Web--300x199.jpg 300w, http:\/\/www.psychotherapie-strobl.at\/wp-content\/uploads\/2023\/08\/Web--768x510.jpg 768w\" sizes=\"(max-width: 750px) 100vw, 750px\" style=\"width:100%;height:66.41%;max-width:1024px\" \/>\t\t\t\t\t\t\t\t\t\t\t\t\t\t\t<\/div>\n\t\t\t\t<\/div>\n\t\t\t\t\t<\/div>\n\t\t<\/div>\n\t\t\t\t\t<\/div>\n\t\t<\/section>\n\t\t\t\t<section class=\"elementor-section elementor-top-section elementor-element elementor-element-5183f65 elementor-section-boxed elementor-section-height-default elementor-section-height-default wpr-particle-no wpr-jarallax-no wpr-parallax-no wpr-sticky-section-no\" data-id=\"5183f65\" data-element_type=\"section\" data-e-type=\"section\">\n\t\t\t\t\t\t<div class=\"elementor-container elementor-column-gap-default\">\n\t\t\t\t\t<div class=\"elementor-column elementor-col-100 elementor-top-column elementor-element elementor-element-ebe7f7e\" data-id=\"ebe7f7e\" data-element_type=\"column\" data-e-type=\"column\">\n\t\t\t<div class=\"elementor-widget-wrap\">\n\t\t\t\t\t\t\t<\/div>\n\t\t<\/div>\n\t\t\t\t\t<\/div>\n\t\t<\/section>\n\t\t\t\t<\/div>\n\t\t","protected":false},"excerpt":{"rendered":"<p>Kontakt Doris Strobl Email: praxis (at) strobls.atTelefon: +43 660 444 5753 Bitte hinterlassen Sie eine Nachricht mit R\u00fcckrufm\u00f6glichkeit,\u00a0 sollten Sie mich nicht pers\u00f6nlich erreichen. Meine Praxis Ich habe f\u00fcr Sie meine Praxis im Gesundheitszentrum Rosenvilla am Gie\u00dfh\u00fcbl bei Wien eingerichtet. Es erwarten Sie dort R\u00e4ume, in denen Sie sich gleich wohlf\u00fchlen werden. Parkpl\u00e4tze finden Sie direkt vor dem Haus und auch die Bushaltestelle ist nur wenige Schritte entfernt. Gesundheitszentrum Rosenvilla Johannesgasse 9, 2372 Giessh\u00fcbl website:\u00a0www.rosenvilla.org Anfahrtsplan\u200b Anfahrt mit dem Auto: aus dem Raum M\u00f6dling aus Perchtoldsdorf via Autobahn A21 Ausfahrt 32 Anfahrt mit dem Postbus: \u00a0Linie 262 (von \/ nach M\u00f6dling)\u00a0Haltestelle Gie\u00dfh\u00fcbl Friedhof\u00a0(Fu\u00dfweg 3 min.) \u00a0Linie 256 (von \/ nach Liesing \/ Perchtoldsdorf) Haltestelle Gie\u00dfh\u00fcbl Autobahnanschluss\u00a0(Fu\u00dfweg 8 min.)<\/p>\n","protected":false},"author":1,"featured_media":0,"parent":0,"menu_order":0,"comment_status":"closed","ping_status":"closed","template":"elementor_header_footer","meta":{"footnotes":""},"class_list":["post-93","page","type-page","status-publish","hentry","entry"],"_links":{"self":[{"href":"https:\/\/www.psychotherapie-strobl.at\/index.php?rest_route=\/wp\/v2\/pages\/93","targetHints":{"allow":["GET"]}}],"collection":[{"href":"https:\/\/www.psychotherapie-strobl.at\/index.php?rest_route=\/wp\/v2\/pages"}],"about":[{"href":"https:\/\/www.psychotherapie-strobl.at\/index.php?rest_route=\/wp\/v2\/types\/page"}],"author":[{"embeddable":true,"href":"https:\/\/www.psychotherapie-strobl.at\/index.php?rest_route=\/wp\/v2\/users\/1"}],"replies":[{"embeddable":true,"href":"https:\/\/www.psychotherapie-strobl.at\/index.php?rest_route=%2Fwp%2Fv2%2Fcomments&post=93"}],"version-history":[{"count":65,"href":"https:\/\/www.psychotherapie-strobl.at\/index.php?rest_route=\/wp\/v2\/pages\/93\/revisions"}],"predecessor-version":[{"id":2312,"href":"https:\/\/www.psychotherapie-strobl.at\/index.php?rest_route=\/wp\/v2\/pages\/93\/revisions\/2312"}],"wp:attachment":[{"href":"https:\/\/www.psychotherapie-strobl.at\/index.php?rest_route=%2Fwp%2Fv2%2Fmedia&parent=93"}],"curies":[{"name":"wp","href":"https:\/\/api.w.org\/{rel}","templated":true}]}}