{"id":74,"date":"2020-11-03T09:28:35","date_gmt":"2020-11-03T09:28:35","guid":{"rendered":"http:\/\/localhost:8888\/wordpress\/?page_id=74"},"modified":"2023-08-21T06:07:42","modified_gmt":"2023-08-21T06:07:42","slug":"beratung","status":"publish","type":"page","link":"http:\/\/www.psychotherapie-strobl.at\/?page_id=74","title":{"rendered":"04-Beratung"},"content":{"rendered":"\t\t<div data-elementor-type=\"wp-page\" data-elementor-id=\"74\" class=\"elementor elementor-74\">\n\t\t\t\t\t\t<section class=\"elementor-section elementor-top-section elementor-element elementor-element-46ead20 elementor-section-full_width elementor-hidden-mobile elementor-section-height-default elementor-section-height-default wpr-particle-no wpr-jarallax-no wpr-parallax-no wpr-sticky-section-no\" data-id=\"46ead20\" data-element_type=\"section\" data-e-type=\"section\">\n\t\t\t\t\t\t<div class=\"elementor-container elementor-column-gap-default\">\n\t\t\t\t\t<div class=\"elementor-column elementor-col-100 elementor-top-column elementor-element elementor-element-bb8f1e1\" data-id=\"bb8f1e1\" data-element_type=\"column\" data-e-type=\"column\">\n\t\t\t<div class=\"elementor-widget-wrap elementor-element-populated\">\n\t\t\t\t\t\t<div class=\"elementor-element elementor-element-7e3bc1f elementor-widget elementor-widget-image\" data-id=\"7e3bc1f\" data-element_type=\"widget\" data-e-type=\"widget\" data-widget_type=\"image.default\">\n\t\t\t\t<div class=\"elementor-widget-container\">\n\t\t\t\t\t\t\t\t\t\t\t\t\t\t\t<img decoding=\"async\" src=\"http:\/\/www.psychotherapie-strobl.at\/wp-content\/uploads\/2023\/08\/20090723-DSC_0254-1.jpg\" title=\"20090723-DSC_0254\" alt=\"20090723-DSC_0254\" loading=\"lazy\" \/>\t\t\t\t\t\t\t\t\t\t\t\t\t\t\t<\/div>\n\t\t\t\t<\/div>\n\t\t\t\t\t<\/div>\n\t\t<\/div>\n\t\t\t\t\t<\/div>\n\t\t<\/section>\n\t\t\t\t<section class=\"elementor-section elementor-top-section elementor-element elementor-element-77eb8ae elementor-section-full_width elementor-hidden-desktop elementor-hidden-tablet elementor-section-height-default elementor-section-height-default wpr-particle-no wpr-jarallax-no wpr-parallax-no wpr-sticky-section-no\" data-id=\"77eb8ae\" data-element_type=\"section\" data-e-type=\"section\">\n\t\t\t\t\t\t<div class=\"elementor-container elementor-column-gap-default\">\n\t\t\t\t\t<div class=\"elementor-column elementor-col-100 elementor-top-column elementor-element elementor-element-cc2f875\" data-id=\"cc2f875\" data-element_type=\"column\" data-e-type=\"column\">\n\t\t\t<div class=\"elementor-widget-wrap elementor-element-populated\">\n\t\t\t\t\t\t<div class=\"elementor-element elementor-element-e34d192 elementor-widget elementor-widget-image\" data-id=\"e34d192\" data-element_type=\"widget\" data-e-type=\"widget\" data-widget_type=\"image.default\">\n\t\t\t\t<div class=\"elementor-widget-container\">\n\t\t\t\t\t\t\t\t\t\t\t\t\t\t\t<img decoding=\"async\" src=\"http:\/\/www.psychotherapie-strobl.at\/wp-content\/uploads\/2023\/08\/20090723-DSC_0254-1.jpg\" title=\"20090723-DSC_0254\" alt=\"20090723-DSC_0254\" loading=\"lazy\" \/>\t\t\t\t\t\t\t\t\t\t\t\t\t\t\t<\/div>\n\t\t\t\t<\/div>\n\t\t\t\t\t<\/div>\n\t\t<\/div>\n\t\t\t\t\t<\/div>\n\t\t<\/section>\n\t\t\t\t<section class=\"elementor-section elementor-top-section elementor-element elementor-element-3d363d0 elementor-section-boxed elementor-section-height-default elementor-section-height-default wpr-particle-no wpr-jarallax-no wpr-parallax-no wpr-sticky-section-no\" data-id=\"3d363d0\" data-element_type=\"section\" data-e-type=\"section\">\n\t\t\t\t\t\t<div class=\"elementor-container elementor-column-gap-default\">\n\t\t\t\t\t<div class=\"elementor-column elementor-col-100 elementor-top-column elementor-element elementor-element-c92df45\" data-id=\"c92df45\" data-element_type=\"column\" data-e-type=\"column\">\n\t\t\t<div class=\"elementor-widget-wrap elementor-element-populated\">\n\t\t\t\t\t\t<div class=\"elementor-element elementor-element-0d50de8 elementor-widget elementor-widget-spacer\" data-id=\"0d50de8\" data-element_type=\"widget\" data-e-type=\"widget\" data-widget_type=\"spacer.default\">\n\t\t\t\t<div class=\"elementor-widget-container\">\n\t\t\t\t\t\t\t<div class=\"elementor-spacer\">\n\t\t\t<div class=\"elementor-spacer-inner\"><\/div>\n\t\t<\/div>\n\t\t\t\t\t\t<\/div>\n\t\t\t\t<\/div>\n\t\t\t\t\t<\/div>\n\t\t<\/div>\n\t\t\t\t\t<\/div>\n\t\t<\/section>\n\t\t\t\t<section class=\"elementor-section elementor-top-section elementor-element elementor-element-edebaa2 elementor-section-boxed elementor-section-height-default elementor-section-height-default wpr-particle-no wpr-jarallax-no wpr-parallax-no wpr-sticky-section-no\" data-id=\"edebaa2\" data-element_type=\"section\" data-e-type=\"section\">\n\t\t\t\t\t\t<div class=\"elementor-container elementor-column-gap-default\">\n\t\t\t\t\t<div class=\"elementor-column elementor-col-100 elementor-top-column elementor-element elementor-element-3af3263\" data-id=\"3af3263\" data-element_type=\"column\" data-e-type=\"column\">\n\t\t\t<div class=\"elementor-widget-wrap elementor-element-populated\">\n\t\t\t\t\t\t<div class=\"elementor-element elementor-element-e537652 elementor-widget elementor-widget-heading\" data-id=\"e537652\" data-element_type=\"widget\" data-e-type=\"widget\" data-widget_type=\"heading.default\">\n\t\t\t\t<div class=\"elementor-widget-container\">\n\t\t\t\t\t<h2 class=\"elementor-heading-title elementor-size-default\">Beratung<\/h2>\t\t\t\t<\/div>\n\t\t\t\t<\/div>\n\t\t\t\t\t<\/div>\n\t\t<\/div>\n\t\t\t\t\t<\/div>\n\t\t<\/section>\n\t\t\t\t<section class=\"elementor-section elementor-top-section elementor-element elementor-element-3445586 elementor-section-boxed elementor-section-height-default elementor-section-height-default wpr-particle-no wpr-jarallax-no wpr-parallax-no wpr-sticky-section-no\" data-id=\"3445586\" data-element_type=\"section\" data-e-type=\"section\">\n\t\t\t\t\t\t<div class=\"elementor-container elementor-column-gap-default\">\n\t\t\t\t\t<div class=\"elementor-column elementor-col-100 elementor-top-column elementor-element elementor-element-52c2db6\" data-id=\"52c2db6\" data-element_type=\"column\" data-e-type=\"column\">\n\t\t\t<div class=\"elementor-widget-wrap elementor-element-populated\">\n\t\t\t\t\t\t<div class=\"elementor-element elementor-element-92aa5cb elementor-widget elementor-widget-heading\" data-id=\"92aa5cb\" data-element_type=\"widget\" data-e-type=\"widget\" data-widget_type=\"heading.default\">\n\t\t\t\t<div class=\"elementor-widget-container\">\n\t\t\t\t\t<h2 class=\"elementor-heading-title elementor-size-large\">Scheidungsberatung nach \u00a795 (1a) Au\u00dfStrG<\/h2>\t\t\t\t<\/div>\n\t\t\t\t<\/div>\n\t\t\t\t<div class=\"elementor-element elementor-element-dd7508f elementor-widget elementor-widget-text-editor\" data-id=\"dd7508f\" data-element_type=\"widget\" data-e-type=\"widget\" data-widget_type=\"text-editor.default\">\n\t\t\t\t<div class=\"elementor-widget-container\">\n\t\t\t\t\t\t\t\t\t<p><span style=\"font-weight: 400;\">Ich stehe Ihnen gerne f\u00fcr diese Elternberatung im Falle einer einvernehmlichen Scheidung zur Verf\u00fcgung. Der Schwerpunkt liegt hierbei auf den spezifischen Bed\u00fcrfnissen, die sich aus der Scheidung Ihres\/er minderj\u00e4hrigen Kindes\/er ergeben.<\/span><\/p><p><span style=\"font-weight: 400;\">\u00a0<\/span><\/p><p><span style=\"font-weight: 400;\">Im Zentrum unseres Gespr\u00e4chs stehen Ihr\/e Kind\/er \u2013 ihre Bed\u00fcrfnisse, W\u00fcnsche, Reaktionen in Bezug auf die elterliche Scheidung sowie eventuelle \u00c4ngste und Sorgen. Als Eltern haben Sie die Gelegenheit, gemeinsam mit mir den Fokus auf die emotionale Sicherheit Ihrer Kinder zu legen und zu besprechen, wie Sie Ihre Kinder am besten durch die famili\u00e4ren Ver\u00e4nderungen begleiten und unterst\u00fctzen k\u00f6nnen.<\/span><\/p><p><span style=\"font-weight: 400;\">\u00a0<\/span><\/p><p><span style=\"font-weight: 400;\">Es liegt in Ihrer Entscheidung, ob Sie die Elternberatungseinheit einzeln oder gemeinsam bei mir wahrnehmen wollen. Es w\u00e4re hilfreich, wenn Sie mir bereits bei der Terminvereinbarung einige Informationen zum Alter des\/der Kindes\/er und der aktuellen Familiensituation geben k\u00f6nnten, um die Beratung individuell auf Ihre famili\u00e4re Situation abzustimmen.<\/span><\/p><p><span style=\"font-weight: 400;\">Sie erhalten von mir anschlie\u00dfend an die Beratungssitzung eine Best\u00e4tigung \u00fcber die Teilnahme an der Beratung gem\u00e4\u00df \u00a7 95Abs 1a Au\u00dfStrG, die Sie dem Gericht vorlegen k\u00f6nnen.<\/span><\/p><p><br style=\"font-weight: 400;\" \/><br style=\"font-weight: 400;\" \/><\/p><h5>\u00a0<\/h5>\t\t\t\t\t\t\t\t<\/div>\n\t\t\t\t<\/div>\n\t\t\t\t\t<\/div>\n\t\t<\/div>\n\t\t\t\t\t<\/div>\n\t\t<\/section>\n\t\t\t\t<section class=\"elementor-section elementor-top-section elementor-element elementor-element-23500be elementor-section-boxed elementor-section-height-default elementor-section-height-default wpr-particle-no wpr-jarallax-no wpr-parallax-no wpr-sticky-section-no\" data-id=\"23500be\" data-element_type=\"section\" data-e-type=\"section\">\n\t\t\t\t\t\t<div class=\"elementor-container elementor-column-gap-default\">\n\t\t\t\t\t<div class=\"elementor-column elementor-col-100 elementor-top-column elementor-element elementor-element-8d116fe\" data-id=\"8d116fe\" data-element_type=\"column\" data-e-type=\"column\">\n\t\t\t<div class=\"elementor-widget-wrap elementor-element-populated\">\n\t\t\t\t\t\t<div class=\"elementor-element elementor-element-427d1e3 elementor-widget elementor-widget-spacer\" data-id=\"427d1e3\" data-element_type=\"widget\" data-e-type=\"widget\" data-widget_type=\"spacer.default\">\n\t\t\t\t<div class=\"elementor-widget-container\">\n\t\t\t\t\t\t\t<div class=\"elementor-spacer\">\n\t\t\t<div class=\"elementor-spacer-inner\"><\/div>\n\t\t<\/div>\n\t\t\t\t\t\t<\/div>\n\t\t\t\t<\/div>\n\t\t\t\t\t<\/div>\n\t\t<\/div>\n\t\t\t\t\t<\/div>\n\t\t<\/section>\n\t\t\t\t<\/div>\n\t\t","protected":false},"excerpt":{"rendered":"<p>Beratung Scheidungsberatung nach \u00a795 (1a) Au\u00dfStrG Ich stehe Ihnen gerne f\u00fcr diese Elternberatung im Falle einer einvernehmlichen Scheidung zur Verf\u00fcgung. Der Schwerpunkt liegt hierbei auf den spezifischen Bed\u00fcrfnissen, die sich aus der Scheidung Ihres\/er minderj\u00e4hrigen Kindes\/er ergeben. \u00a0 Im Zentrum unseres Gespr\u00e4chs stehen Ihr\/e Kind\/er \u2013 ihre Bed\u00fcrfnisse, W\u00fcnsche, Reaktionen in Bezug auf die elterliche Scheidung sowie eventuelle \u00c4ngste und Sorgen. Als Eltern haben Sie die Gelegenheit, gemeinsam mit mir den Fokus auf die emotionale Sicherheit Ihrer Kinder zu legen und zu besprechen, wie Sie Ihre Kinder am besten durch die famili\u00e4ren Ver\u00e4nderungen begleiten und unterst\u00fctzen k\u00f6nnen. \u00a0 Es liegt in Ihrer Entscheidung, ob Sie die Elternberatungseinheit einzeln oder gemeinsam bei mir wahrnehmen wollen. Es w\u00e4re hilfreich, wenn Sie mir bereits bei der Terminvereinbarung einige Informationen zum Alter des\/der Kindes\/er und der aktuellen Familiensituation geben k\u00f6nnten, um die Beratung individuell auf Ihre famili\u00e4re Situation abzustimmen. Sie erhalten von mir anschlie\u00dfend an die Beratungssitzung eine Best\u00e4tigung \u00fcber die Teilnahme an der Beratung gem\u00e4\u00df \u00a7 95Abs 1a Au\u00dfStrG, die Sie dem Gericht vorlegen k\u00f6nnen. \u00a0<\/p>\n","protected":false},"author":1,"featured_media":0,"parent":0,"menu_order":0,"comment_status":"closed","ping_status":"closed","template":"elementor_header_footer","meta":{"footnotes":""},"class_list":["post-74","page","type-page","status-publish","hentry","entry"],"_links":{"self":[{"href":"http:\/\/www.psychotherapie-strobl.at\/index.php?rest_route=\/wp\/v2\/pages\/74","targetHints":{"allow":["GET"]}}],"collection":[{"href":"http:\/\/www.psychotherapie-strobl.at\/index.php?rest_route=\/wp\/v2\/pages"}],"about":[{"href":"http:\/\/www.psychotherapie-strobl.at\/index.php?rest_route=\/wp\/v2\/types\/page"}],"author":[{"embeddable":true,"href":"http:\/\/www.psychotherapie-strobl.at\/index.php?rest_route=\/wp\/v2\/users\/1"}],"replies":[{"embeddable":true,"href":"http:\/\/www.psychotherapie-strobl.at\/index.php?rest_route=%2Fwp%2Fv2%2Fcomments&post=74"}],"version-history":[{"count":38,"href":"http:\/\/www.psychotherapie-strobl.at\/index.php?rest_route=\/wp\/v2\/pages\/74\/revisions"}],"predecessor-version":[{"id":2303,"href":"http:\/\/www.psychotherapie-strobl.at\/index.php?rest_route=\/wp\/v2\/pages\/74\/revisions\/2303"}],"wp:attachment":[{"href":"http:\/\/www.psychotherapie-strobl.at\/index.php?rest_route=%2Fwp%2Fv2%2Fmedia&parent=74"}],"curies":[{"name":"wp","href":"https:\/\/api.w.org\/{rel}","templated":true}]}}