{"id":100,"date":"2020-11-03T10:12:34","date_gmt":"2020-11-03T10:12:34","guid":{"rendered":"http:\/\/localhost:8888\/wordpress\/?page_id=100"},"modified":"2026-02-08T20:15:29","modified_gmt":"2026-02-08T20:15:29","slug":"information","status":"publish","type":"page","link":"http:\/\/www.psychotherapie-strobl.at\/?page_id=100","title":{"rendered":"07-Information"},"content":{"rendered":"\t\t<div data-elementor-type=\"wp-page\" data-elementor-id=\"100\" class=\"elementor elementor-100\">\n\t\t\t\t\t\t<section class=\"elementor-section elementor-top-section elementor-element elementor-element-690a51d elementor-section-full_width elementor-hidden-mobile elementor-section-height-default elementor-section-height-default wpr-particle-no wpr-jarallax-no wpr-parallax-no wpr-sticky-section-no\" data-id=\"690a51d\" data-element_type=\"section\" data-e-type=\"section\">\n\t\t\t\t\t\t<div class=\"elementor-container elementor-column-gap-default\">\n\t\t\t\t\t<div class=\"elementor-column elementor-col-100 elementor-top-column elementor-element elementor-element-d2e08f8\" data-id=\"d2e08f8\" data-element_type=\"column\" data-e-type=\"column\">\n\t\t\t<div class=\"elementor-widget-wrap elementor-element-populated\">\n\t\t\t\t\t\t<div class=\"elementor-element elementor-element-5704a9f elementor-widget elementor-widget-image\" data-id=\"5704a9f\" data-element_type=\"widget\" data-e-type=\"widget\" data-widget_type=\"image.default\">\n\t\t\t\t<div class=\"elementor-widget-container\">\n\t\t\t\t\t\t\t\t\t\t\t\t\t\t\t<img decoding=\"async\" src=\"http:\/\/www.psychotherapie-strobl.at\/wp-content\/uploads\/2023\/08\/\u00a9MiriamJoanna-PRINTS-00149-2.jpg\" title=\"\u00a9MiriamJoanna-PRINTS-00149-2\" alt=\"\u00a9MiriamJoanna-PRINTS-00149-2\" loading=\"lazy\" \/>\t\t\t\t\t\t\t\t\t\t\t\t\t\t\t<\/div>\n\t\t\t\t<\/div>\n\t\t\t\t<div class=\"elementor-element elementor-element-92ccb04 elementor-hidden-mobile elementor-widget elementor-widget-spacer\" data-id=\"92ccb04\" data-element_type=\"widget\" data-e-type=\"widget\" data-widget_type=\"spacer.default\">\n\t\t\t\t<div class=\"elementor-widget-container\">\n\t\t\t\t\t\t\t<div class=\"elementor-spacer\">\n\t\t\t<div class=\"elementor-spacer-inner\"><\/div>\n\t\t<\/div>\n\t\t\t\t\t\t<\/div>\n\t\t\t\t<\/div>\n\t\t\t\t\t<\/div>\n\t\t<\/div>\n\t\t\t\t\t<\/div>\n\t\t<\/section>\n\t\t\t\t<section class=\"elementor-section elementor-top-section elementor-element elementor-element-94ec378 elementor-section-full_width elementor-hidden-desktop elementor-hidden-tablet elementor-section-height-default elementor-section-height-default wpr-particle-no wpr-jarallax-no wpr-parallax-no wpr-sticky-section-no\" data-id=\"94ec378\" data-element_type=\"section\" data-e-type=\"section\">\n\t\t\t\t\t\t<div class=\"elementor-container elementor-column-gap-default\">\n\t\t\t\t\t<div class=\"elementor-column elementor-col-100 elementor-top-column elementor-element elementor-element-8941acc\" data-id=\"8941acc\" data-element_type=\"column\" data-e-type=\"column\">\n\t\t\t<div class=\"elementor-widget-wrap elementor-element-populated\">\n\t\t\t\t\t\t<div class=\"elementor-element elementor-element-78848d3 elementor-widget elementor-widget-image\" data-id=\"78848d3\" data-element_type=\"widget\" data-e-type=\"widget\" data-widget_type=\"image.default\">\n\t\t\t\t<div class=\"elementor-widget-container\">\n\t\t\t\t\t\t\t\t\t\t\t\t\t\t\t<img decoding=\"async\" src=\"http:\/\/www.psychotherapie-strobl.at\/wp-content\/uploads\/2023\/08\/\u00a9MiriamJoanna-PRINTS-00149-2.jpg\" title=\"\u00a9MiriamJoanna-PRINTS-00149-2\" alt=\"\u00a9MiriamJoanna-PRINTS-00149-2\" loading=\"lazy\" \/>\t\t\t\t\t\t\t\t\t\t\t\t\t\t\t<\/div>\n\t\t\t\t<\/div>\n\t\t\t\t<div class=\"elementor-element elementor-element-3a5ea5a elementor-hidden-mobile elementor-widget elementor-widget-spacer\" data-id=\"3a5ea5a\" data-element_type=\"widget\" data-e-type=\"widget\" data-widget_type=\"spacer.default\">\n\t\t\t\t<div class=\"elementor-widget-container\">\n\t\t\t\t\t\t\t<div class=\"elementor-spacer\">\n\t\t\t<div class=\"elementor-spacer-inner\"><\/div>\n\t\t<\/div>\n\t\t\t\t\t\t<\/div>\n\t\t\t\t<\/div>\n\t\t\t\t\t<\/div>\n\t\t<\/div>\n\t\t\t\t\t<\/div>\n\t\t<\/section>\n\t\t\t\t<section class=\"elementor-section elementor-top-section elementor-element elementor-element-295285c elementor-section-boxed elementor-section-height-default elementor-section-height-default wpr-particle-no wpr-jarallax-no wpr-parallax-no wpr-sticky-section-no\" data-id=\"295285c\" data-element_type=\"section\" data-e-type=\"section\">\n\t\t\t\t\t\t<div class=\"elementor-container elementor-column-gap-default\">\n\t\t\t\t\t<div class=\"elementor-column elementor-col-100 elementor-top-column elementor-element elementor-element-a55bda7\" data-id=\"a55bda7\" data-element_type=\"column\" data-e-type=\"column\">\n\t\t\t<div class=\"elementor-widget-wrap elementor-element-populated\">\n\t\t\t\t\t\t<div class=\"elementor-element elementor-element-7f761ad elementor-widget elementor-widget-heading\" data-id=\"7f761ad\" data-element_type=\"widget\" data-e-type=\"widget\" data-widget_type=\"heading.default\">\n\t\t\t\t<div class=\"elementor-widget-container\">\n\t\t\t\t\t<h2 class=\"elementor-heading-title elementor-size-xl\">Information<\/h2>\t\t\t\t<\/div>\n\t\t\t\t<\/div>\n\t\t\t\t<div class=\"elementor-element elementor-element-1456622 elementor-widget elementor-widget-spacer\" data-id=\"1456622\" data-element_type=\"widget\" data-e-type=\"widget\" data-widget_type=\"spacer.default\">\n\t\t\t\t<div class=\"elementor-widget-container\">\n\t\t\t\t\t\t\t<div class=\"elementor-spacer\">\n\t\t\t<div class=\"elementor-spacer-inner\"><\/div>\n\t\t<\/div>\n\t\t\t\t\t\t<\/div>\n\t\t\t\t<\/div>\n\t\t\t\t\t<\/div>\n\t\t<\/div>\n\t\t\t\t\t<\/div>\n\t\t<\/section>\n\t\t\t\t<section class=\"elementor-section elementor-top-section elementor-element elementor-element-dd6d5f3 elementor-section-boxed elementor-section-height-default elementor-section-height-default wpr-particle-no wpr-jarallax-no wpr-parallax-no wpr-sticky-section-no\" data-id=\"dd6d5f3\" data-element_type=\"section\" data-e-type=\"section\" data-settings=\"{&quot;background_background&quot;:&quot;classic&quot;}\">\n\t\t\t\t\t\t<div class=\"elementor-container elementor-column-gap-default\">\n\t\t\t\t\t<div class=\"elementor-column elementor-col-100 elementor-top-column elementor-element elementor-element-4154ac5\" data-id=\"4154ac5\" data-element_type=\"column\" data-e-type=\"column\">\n\t\t\t<div class=\"elementor-widget-wrap elementor-element-populated\">\n\t\t\t\t\t\t<div class=\"elementor-element elementor-element-2740492 elementor-widget elementor-widget-text-editor\" data-id=\"2740492\" data-element_type=\"widget\" data-e-type=\"widget\" data-widget_type=\"text-editor.default\">\n\t\t\t\t<div class=\"elementor-widget-container\">\n\t\t\t\t\t\t\t\t\t<p><b>Kosten f\u00fcr Psychotherapie:<\/b><\/p><p>Ein Psychotherapietermin \u00e0 50 Minuten kostet Euro 140,&#8211;<\/p>\t\t\t\t\t\t\t\t<\/div>\n\t\t\t\t<\/div>\n\t\t\t\t<div class=\"elementor-element elementor-element-650bf7b elementor-hidden-mobile elementor-widget elementor-widget-spacer\" data-id=\"650bf7b\" data-element_type=\"widget\" data-e-type=\"widget\" data-widget_type=\"spacer.default\">\n\t\t\t\t<div class=\"elementor-widget-container\">\n\t\t\t\t\t\t\t<div class=\"elementor-spacer\">\n\t\t\t<div class=\"elementor-spacer-inner\"><\/div>\n\t\t<\/div>\n\t\t\t\t\t\t<\/div>\n\t\t\t\t<\/div>\n\t\t\t\t\t<\/div>\n\t\t<\/div>\n\t\t\t\t\t<\/div>\n\t\t<\/section>\n\t\t\t\t<section class=\"elementor-section elementor-top-section elementor-element elementor-element-b37a85f elementor-section-boxed elementor-section-height-default elementor-section-height-default wpr-particle-no wpr-jarallax-no wpr-parallax-no wpr-sticky-section-no\" data-id=\"b37a85f\" data-element_type=\"section\" data-e-type=\"section\" data-settings=\"{&quot;background_background&quot;:&quot;classic&quot;}\">\n\t\t\t\t\t\t<div class=\"elementor-container elementor-column-gap-default\">\n\t\t\t\t\t<div class=\"elementor-column elementor-col-100 elementor-top-column elementor-element elementor-element-76c8a57\" data-id=\"76c8a57\" data-element_type=\"column\" data-e-type=\"column\">\n\t\t\t<div class=\"elementor-widget-wrap elementor-element-populated\">\n\t\t\t\t\t\t<div class=\"elementor-element elementor-element-3949a8b elementor-widget elementor-widget-text-editor\" data-id=\"3949a8b\" data-element_type=\"widget\" data-e-type=\"widget\" data-widget_type=\"text-editor.default\">\n\t\t\t\t<div class=\"elementor-widget-container\">\n\t\t\t\t\t\t\t\t\t<p><b style=\"color: var( --e-global-color-text ); font-family: var( --e-global-typography-text-font-family ), Lato; font-size: var(--global--font-size-base);\">Kosten f\u00fcr\u00a0<\/b><b>Paartherapie<\/b> (gemeinsam mit Mag. Martin Strobl)<\/p><p>Eine Paartherapie-Sitzung \u00e0 90 Minuten kostet Euro 420,&#8211;<\/p><p><em>Zuschlag f\u00fcr Termine am Wochenende pauschal \u20ac40,00<\/em><br \/>F\u00fcr Paartherapien k\u00f6nnen keine Leistungen der Sozialversicherungstr\u00e4ger in Anspruch genommen werden.<\/p>\t\t\t\t\t\t\t\t<\/div>\n\t\t\t\t<\/div>\n\t\t\t\t<div class=\"elementor-element elementor-element-7b6600f elementor-hidden-mobile elementor-widget elementor-widget-spacer\" data-id=\"7b6600f\" data-element_type=\"widget\" data-e-type=\"widget\" data-widget_type=\"spacer.default\">\n\t\t\t\t<div class=\"elementor-widget-container\">\n\t\t\t\t\t\t\t<div class=\"elementor-spacer\">\n\t\t\t<div class=\"elementor-spacer-inner\"><\/div>\n\t\t<\/div>\n\t\t\t\t\t\t<\/div>\n\t\t\t\t<\/div>\n\t\t\t\t\t<\/div>\n\t\t<\/div>\n\t\t\t\t\t<\/div>\n\t\t<\/section>\n\t\t\t\t<section class=\"elementor-section elementor-top-section elementor-element elementor-element-820f255 elementor-section-boxed elementor-section-height-default elementor-section-height-default wpr-particle-no wpr-jarallax-no wpr-parallax-no wpr-sticky-section-no\" data-id=\"820f255\" data-element_type=\"section\" data-e-type=\"section\" data-settings=\"{&quot;background_background&quot;:&quot;classic&quot;}\">\n\t\t\t\t\t\t<div class=\"elementor-container elementor-column-gap-default\">\n\t\t\t\t\t<div class=\"elementor-column elementor-col-100 elementor-top-column elementor-element elementor-element-625cf51\" data-id=\"625cf51\" data-element_type=\"column\" data-e-type=\"column\">\n\t\t\t<div class=\"elementor-widget-wrap elementor-element-populated\">\n\t\t\t\t\t\t<div class=\"elementor-element elementor-element-30bdc78 elementor-widget elementor-widget-text-editor\" data-id=\"30bdc78\" data-element_type=\"widget\" data-e-type=\"widget\" data-widget_type=\"text-editor.default\">\n\t\t\t\t<div class=\"elementor-widget-container\">\n\t\t\t\t\t\t\t\t\t<p><b style=\"color: var( --e-global-color-text ); font-family: var( --e-global-typography-text-font-family ), Lato; font-size: var(--global--font-size-base);\">Kosten f\u00fcr\u00a0<\/b><b>Scheidungsberatung gem\u00e4\u00df \u00a795 Abs. 1A Au\u00dfStrG.<\/b><\/p><p>Beratung als Einzelperson (50 min): \u00a0Euro 90,&#8211;<\/p><p>Beratung als Elternpaar (90 min):\u00a0 Euro 165,&#8211;<\/p>\t\t\t\t\t\t\t\t<\/div>\n\t\t\t\t<\/div>\n\t\t\t\t<div class=\"elementor-element elementor-element-79dcf2b elementor-hidden-mobile elementor-widget elementor-widget-spacer\" data-id=\"79dcf2b\" data-element_type=\"widget\" data-e-type=\"widget\" data-widget_type=\"spacer.default\">\n\t\t\t\t<div class=\"elementor-widget-container\">\n\t\t\t\t\t\t\t<div class=\"elementor-spacer\">\n\t\t\t<div class=\"elementor-spacer-inner\"><\/div>\n\t\t<\/div>\n\t\t\t\t\t\t<\/div>\n\t\t\t\t<\/div>\n\t\t\t\t\t<\/div>\n\t\t<\/div>\n\t\t\t\t\t<\/div>\n\t\t<\/section>\n\t\t\t\t<section class=\"elementor-section elementor-top-section elementor-element elementor-element-79df701 elementor-section-boxed elementor-section-height-default elementor-section-height-default wpr-particle-no wpr-jarallax-no wpr-parallax-no wpr-sticky-section-no\" data-id=\"79df701\" data-element_type=\"section\" data-e-type=\"section\" data-settings=\"{&quot;background_background&quot;:&quot;classic&quot;}\">\n\t\t\t\t\t\t<div class=\"elementor-container elementor-column-gap-default\">\n\t\t\t\t\t<div class=\"elementor-column elementor-col-100 elementor-top-column elementor-element elementor-element-c782916\" data-id=\"c782916\" data-element_type=\"column\" data-e-type=\"column\">\n\t\t\t<div class=\"elementor-widget-wrap elementor-element-populated\">\n\t\t\t\t\t\t<div class=\"elementor-element elementor-element-ea4519c elementor-hidden-mobile elementor-widget elementor-widget-spacer\" data-id=\"ea4519c\" data-element_type=\"widget\" data-e-type=\"widget\" data-widget_type=\"spacer.default\">\n\t\t\t\t<div class=\"elementor-widget-container\">\n\t\t\t\t\t\t\t<div class=\"elementor-spacer\">\n\t\t\t<div class=\"elementor-spacer-inner\"><\/div>\n\t\t<\/div>\n\t\t\t\t\t\t<\/div>\n\t\t\t\t<\/div>\n\t\t\t\t<div class=\"elementor-element elementor-element-3359e22 elementor-widget elementor-widget-heading\" data-id=\"3359e22\" data-element_type=\"widget\" data-e-type=\"widget\" data-widget_type=\"heading.default\">\n\t\t\t\t<div class=\"elementor-widget-container\">\n\t\t\t\t\t<h2 class=\"elementor-heading-title elementor-size-medium\"><b>Refundierungsm\u00f6glichkeiten f\u00fcr Psychotherapie<\/b><\/h2>\t\t\t\t<\/div>\n\t\t\t\t<\/div>\n\t\t\t\t<div class=\"elementor-element elementor-element-f74f93c elementor-widget elementor-widget-text-editor\" data-id=\"f74f93c\" data-element_type=\"widget\" data-e-type=\"widget\" data-widget_type=\"text-editor.default\">\n\t\t\t\t<div class=\"elementor-widget-container\">\n\t\t\t\t\t\t\t\t\t<h3><b style=\"font-family: var( --e-global-typography-text-font-family ), Lato; letter-spacing: var(--heading--letter-spacing-h2); color: var( --e-global-color-text ); font-size: var(--global--font-size-base);\">Leistungen der Sozialversicherungstr\u00e4ger f\u00fcr Psychotherapie-Einzelsitzungen&nbsp;<\/b><\/h3>\n<p><span style=\"color: var( --e-global-color-text ); font-family: var( --e-global-typography-text-font-family ), Lato; font-size: var(--global--font-size-base);\">Die Sozialversicherungstr\u00e4ger erstatten Ihnen einen Anteil der Kosten der Psychotherapiesitzungen, <\/span><span style=\"color: var( --e-global-color-text ); font-family: var( --e-global-typography-text-font-family ), Lato; font-size: var(--global--font-size-base); text-decoration: underline;\">sofern eine krankheitswertige St\u00f6rung vorliegt<\/span><span style=\"color: var( --e-global-color-text ); font-family: var( --e-global-typography-text-font-family ), Lato; font-size: var(--global--font-size-base);\">.&nbsp;<\/span><\/p>\n<p><span style=\"font-weight: 400;\">&nbsp;<\/span><\/p>\n<p><span style=\"font-weight: 400;\">Ich informiere Sie gerne \u00fcber die notwendigen Schritte der Kostenrefundierung.&nbsp;<\/span><span style=\"color: var( --e-global-color-text ); font-family: var( --e-global-typography-text-font-family ), Lato; font-size: var(--global--font-size-base);\">Zusch\u00fcsse (anteilige Kostenerstattung) pro Psychotherapie-Einzelsitzung<\/span><\/p>\n<p><span style=\"color: var( --e-global-color-text ); font-family: var( --e-global-typography-text-font-family ), Lato; font-size: var(--global--font-size-base);\">&nbsp;<\/span><\/p>\n<table>\n<tbody>\n<tr>\n<td>\n<p><span style=\"font-weight: 400;\">\u00d6GK&nbsp;<\/span><\/p>\n<\/td>\n<td>\n<p><span style=\"font-weight: 400;\">\u20ac 33,70<\/span><\/p>\n<\/td>\n<\/tr>\n<tr>\n<td>\n<p><span style=\"font-weight: 400;\">BVAEB&nbsp;<\/span><\/p>\n<\/td>\n<td>\n<p><span style=\"font-weight: 400;\">\u20ac 50,20<\/span><\/p>\n<\/td>\n<\/tr>\n<tr>\n<td>\n<p><span style=\"font-weight: 400;\">SVS&nbsp;<\/span><\/p>\n<\/td>\n<td>\n<p><span style=\"font-weight: 400;\">\u20ac 50,00<\/span><\/p>\n<\/td>\n<\/tr>\n<\/tbody>\n<\/table>\t\t\t\t\t\t\t\t<\/div>\n\t\t\t\t<\/div>\n\t\t\t\t<div class=\"elementor-element elementor-element-9983f21 elementor-hidden-mobile elementor-widget elementor-widget-spacer\" data-id=\"9983f21\" data-element_type=\"widget\" data-e-type=\"widget\" data-widget_type=\"spacer.default\">\n\t\t\t\t<div class=\"elementor-widget-container\">\n\t\t\t\t\t\t\t<div class=\"elementor-spacer\">\n\t\t\t<div class=\"elementor-spacer-inner\"><\/div>\n\t\t<\/div>\n\t\t\t\t\t\t<\/div>\n\t\t\t\t<\/div>\n\t\t\t\t\t<\/div>\n\t\t<\/div>\n\t\t\t\t\t<\/div>\n\t\t<\/section>\n\t\t\t\t<section class=\"elementor-section elementor-top-section elementor-element elementor-element-4106e6e elementor-section-boxed elementor-section-height-default elementor-section-height-default wpr-particle-no wpr-jarallax-no wpr-parallax-no wpr-sticky-section-no\" data-id=\"4106e6e\" data-element_type=\"section\" data-e-type=\"section\" data-settings=\"{&quot;background_background&quot;:&quot;classic&quot;}\">\n\t\t\t\t\t\t<div class=\"elementor-container elementor-column-gap-default\">\n\t\t\t\t\t<div class=\"elementor-column elementor-col-100 elementor-top-column elementor-element elementor-element-886f208\" data-id=\"886f208\" data-element_type=\"column\" data-e-type=\"column\">\n\t\t\t<div class=\"elementor-widget-wrap elementor-element-populated\">\n\t\t\t\t\t\t<div class=\"elementor-element elementor-element-40fe5c0 elementor-hidden-mobile elementor-widget elementor-widget-spacer\" data-id=\"40fe5c0\" data-element_type=\"widget\" data-e-type=\"widget\" data-widget_type=\"spacer.default\">\n\t\t\t\t<div class=\"elementor-widget-container\">\n\t\t\t\t\t\t\t<div class=\"elementor-spacer\">\n\t\t\t<div class=\"elementor-spacer-inner\"><\/div>\n\t\t<\/div>\n\t\t\t\t\t\t<\/div>\n\t\t\t\t<\/div>\n\t\t\t\t<div class=\"elementor-element elementor-element-99a0423 elementor-widget elementor-widget-heading\" data-id=\"99a0423\" data-element_type=\"widget\" data-e-type=\"widget\" data-widget_type=\"heading.default\">\n\t\t\t\t<div class=\"elementor-widget-container\">\n\t\t\t\t\t<h2 class=\"elementor-heading-title elementor-size-large\"><span data-elementor-setting-key=\"title\" data-pen-placeholder=\"Eingabe hier...\" style=\"clear: both;font-family: Lato, Lato;font-size: 24px\"><b>Rahmenbedienungen meiner Praxis<\/b><\/span><br><\/h2>\t\t\t\t<\/div>\n\t\t\t\t<\/div>\n\t\t\t\t<div class=\"elementor-element elementor-element-6690275 elementor-widget elementor-widget-text-editor\" data-id=\"6690275\" data-element_type=\"widget\" data-e-type=\"widget\" data-widget_type=\"text-editor.default\">\n\t\t\t\t<div class=\"elementor-widget-container\">\n\t\t\t\t\t\t\t\t\t<p>In meiner psychotherapeutischen Praxis biete ich unterschiedliche Leistungen an, wie oben angef\u00fchrt. Sie erhalten eine Honorarnote f\u00fcr die Begleichung des jeweiligen Honorars, welches Sie mit Telebanking \u00fcberweisen oder bar bezahlen k\u00f6nnen.<\/p><p><b>\u00a0<\/b><\/p><p><b>Terminvereinbarung\/Absageregelung<\/b><\/p><p>Termine k\u00f6nnen Sie pers\u00f6nlich, telefonisch oder per SMS vereinbaren.\u00a0<\/p><ul><li aria-level=\"1\">Sollten Sie zu einem Termin nicht kommen k\u00f6nnen, sagen Sie diesen bitte <b>mindestens 24 Stunden <\/b><b>vor dem Termin mit einem pers\u00f6nlichen Telefonanruf oder per SMS ab.<\/b> Bitte immer darauf achten, dass Sie eine Best\u00e4tigungs-SMS zu Ihrer Absage von mir erhalten.<\/li><\/ul><p>Ich bitte um Ihr Verst\u00e4ndnis, dass nicht rechtzeitig abgesagte Termine in Rechnung gestellt und bezahlt werden m\u00fcssen.\u00a0<\/p><p>Bei Verhinderung meinerseits werde ich Ihnen einen bestm\u00f6glichen Ersatztermin anbieten.<\/p><p><b>\u00a0<\/b><\/p><p><b>Dauer und H\u00e4ufigkeit<\/b><\/p><p>Eine Psychotherapie-Einzelsitzung dauert jeweils 50 Minuten. Die Frequenz der Therapiesitzungen wird mit Ihnen pers\u00f6nlich vereinbart. Oftmals haben sich w\u00f6chentliche Termine bew\u00e4hrt. Ihr Bedarf wird im Erstgespr\u00e4ch besprochen und bei Krisen angepasst. Bez\u00fcglich der Dauer des gesamten Therapieprozesses werden wir regelm\u00e4\u00dfig im Austausch sein.\u00a0<\/p><p>Paar-Therapiesitzungen dauern jeweils 90 Minuten. Diese finden jeweils in Absprache mit Ihnen in der Regel alle 2-3 Wochen statt.<\/p><p><b>\u00a0<\/b><\/p><p><b>Verschwiegenheit<\/b><\/p><p>Die Verschwiegenheit stellt ein zentrales Element in der Psychotherapie dar. Alle Informationen der psychotherapeutischen Sitzungen, die Sie mir geben, unterliegen einer gesetzlich geregelten Schweigepflicht. N\u00e4here Informationen dazu entnehmen Sie bitte dem Psychotherapiegesetz (<a href=\"https:\/\/www.ris.bka.gv.at\/GeltendeFassung.wxe?Abfrage=Bundesnormen&amp;Gesetzesnummer=10010620\">\u00a714, \u00a715 Psychotherapiegesetz<\/a>).<b>\u00a0<\/b><\/p><p>Im Erstgespr\u00e4ch werde ich Sie dazu noch genauer informieren, insbesondere zu den derzeit drei gesetzlichen Ausnahmen, wo ich als Psychotherapeutin verpflichtet bin, die Verschwiegenheit aufzuheben.<\/p><p><b>\u00a0<\/b><\/p><p><b>K<\/b><b>ooperation &amp; Entbindung von der Verschwiegenheit<\/b><\/p><p>Die Vernetzung mit anderen Berufsgruppen kann hilfreich oder auch notwendig sein, um Sie und\/oder Ihr Kind gut zu begleiten. Eine Vernetzung braucht Ihre Zustimmung und erfolgt ausschlie\u00dflich mit Ihrem Einverst\u00e4ndnis.\u00a0<\/p><p><b>\u00a0<\/b><\/p><p><b>Freiwilligkeit<\/b><\/p><p>Sie entscheiden selbst, das Angebot meiner psychotherapeutischen Praxis anzunehmen.\u00a0<\/p><p>Bei Beendigung der Psychotherapie ist eine Abschlussstunde wichtig und meinerseits sehr zu empfehlen, damit der psychotherapeutische Prozess gut beendet werden kann.<\/p>\t\t\t\t\t\t\t\t<\/div>\n\t\t\t\t<\/div>\n\t\t\t\t<div class=\"elementor-element elementor-element-78a26e6 elementor-widget elementor-widget-spacer\" data-id=\"78a26e6\" data-element_type=\"widget\" data-e-type=\"widget\" data-widget_type=\"spacer.default\">\n\t\t\t\t<div class=\"elementor-widget-container\">\n\t\t\t\t\t\t\t<div class=\"elementor-spacer\">\n\t\t\t<div class=\"elementor-spacer-inner\"><\/div>\n\t\t<\/div>\n\t\t\t\t\t\t<\/div>\n\t\t\t\t<\/div>\n\t\t\t\t\t<\/div>\n\t\t<\/div>\n\t\t\t\t\t<\/div>\n\t\t<\/section>\n\t\t\t\t<\/div>\n\t\t","protected":false},"excerpt":{"rendered":"<p>Information Kosten f\u00fcr Psychotherapie: Ein Psychotherapietermin \u00e0 50 Minuten kostet Euro 140,&#8211; Kosten f\u00fcr\u00a0Paartherapie (gemeinsam mit Mag. Martin Strobl) Eine Paartherapie-Sitzung \u00e0 90 Minuten kostet Euro 420,&#8211; Zuschlag f\u00fcr Termine am Wochenende pauschal \u20ac40,00F\u00fcr Paartherapien k\u00f6nnen keine Leistungen der Sozialversicherungstr\u00e4ger in Anspruch genommen werden. Kosten f\u00fcr\u00a0Scheidungsberatung gem\u00e4\u00df \u00a795 Abs. 1A Au\u00dfStrG. Beratung als Einzelperson (50 min): \u00a0Euro 90,&#8211; Beratung als Elternpaar (90 min):\u00a0 Euro 165,&#8211; Refundierungsm\u00f6glichkeiten f\u00fcr Psychotherapie Leistungen der Sozialversicherungstr\u00e4ger f\u00fcr Psychotherapie-Einzelsitzungen&nbsp; Die Sozialversicherungstr\u00e4ger erstatten Ihnen einen Anteil der Kosten der Psychotherapiesitzungen, sofern eine krankheitswertige St\u00f6rung vorliegt.&nbsp; &nbsp; Ich informiere Sie gerne \u00fcber die notwendigen Schritte der Kostenrefundierung.&nbsp;Zusch\u00fcsse (anteilige Kostenerstattung) pro Psychotherapie-Einzelsitzung &nbsp; \u00d6GK&nbsp; \u20ac 33,70 BVAEB&nbsp; \u20ac 50,20 SVS&nbsp; \u20ac 50,00 Rahmenbedienungen meiner Praxis In meiner psychotherapeutischen Praxis biete ich unterschiedliche Leistungen an, wie oben angef\u00fchrt. Sie erhalten eine Honorarnote f\u00fcr die Begleichung des jeweiligen Honorars, welches Sie mit Telebanking \u00fcberweisen oder bar bezahlen k\u00f6nnen. \u00a0 Terminvereinbarung\/Absageregelung Termine k\u00f6nnen Sie pers\u00f6nlich, telefonisch oder per SMS vereinbaren.\u00a0 Sollten Sie zu einem Termin nicht kommen k\u00f6nnen, sagen Sie diesen bitte mindestens 24 Stunden vor dem Termin mit einem pers\u00f6nlichen Telefonanruf oder per SMS ab. Bitte immer darauf achten, dass Sie eine Best\u00e4tigungs-SMS zu Ihrer Absage von mir erhalten. Ich bitte um Ihr Verst\u00e4ndnis, dass nicht rechtzeitig abgesagte Termine in Rechnung gestellt und bezahlt werden m\u00fcssen.\u00a0 Bei Verhinderung meinerseits werde ich Ihnen einen bestm\u00f6glichen Ersatztermin anbieten. \u00a0 Dauer und H\u00e4ufigkeit Eine Psychotherapie-Einzelsitzung dauert jeweils 50 Minuten. Die Frequenz der Therapiesitzungen wird mit Ihnen pers\u00f6nlich vereinbart. Oftmals haben sich w\u00f6chentliche Termine bew\u00e4hrt. Ihr Bedarf wird im Erstgespr\u00e4ch besprochen und bei Krisen angepasst. Bez\u00fcglich der Dauer des gesamten Therapieprozesses werden wir regelm\u00e4\u00dfig im Austausch sein.\u00a0 Paar-Therapiesitzungen dauern jeweils 90 Minuten. Diese finden jeweils in Absprache mit Ihnen in der Regel alle 2-3 Wochen statt. \u00a0 Verschwiegenheit Die Verschwiegenheit stellt ein zentrales Element in der Psychotherapie dar. Alle Informationen der psychotherapeutischen Sitzungen, die Sie mir geben, unterliegen einer gesetzlich geregelten Schweigepflicht. N\u00e4here Informationen dazu entnehmen Sie bitte dem Psychotherapiegesetz (\u00a714, \u00a715 Psychotherapiegesetz).\u00a0 Im Erstgespr\u00e4ch werde ich Sie dazu noch genauer informieren, insbesondere zu den derzeit drei gesetzlichen Ausnahmen, wo ich als Psychotherapeutin verpflichtet bin, die Verschwiegenheit aufzuheben. \u00a0 Kooperation &amp; Entbindung von der Verschwiegenheit Die Vernetzung mit anderen Berufsgruppen kann hilfreich oder auch notwendig sein, um Sie und\/oder Ihr Kind gut zu begleiten. Eine Vernetzung braucht Ihre Zustimmung und erfolgt ausschlie\u00dflich mit Ihrem Einverst\u00e4ndnis.\u00a0 \u00a0 Freiwilligkeit Sie entscheiden selbst, das Angebot meiner psychotherapeutischen Praxis anzunehmen.\u00a0 Bei Beendigung der Psychotherapie ist eine Abschlussstunde wichtig und meinerseits sehr zu empfehlen, damit der psychotherapeutische Prozess gut beendet werden kann.<\/p>\n","protected":false},"author":1,"featured_media":0,"parent":0,"menu_order":0,"comment_status":"closed","ping_status":"closed","template":"elementor_header_footer","meta":{"footnotes":""},"class_list":["post-100","page","type-page","status-publish","hentry","entry"],"_links":{"self":[{"href":"http:\/\/www.psychotherapie-strobl.at\/index.php?rest_route=\/wp\/v2\/pages\/100","targetHints":{"allow":["GET"]}}],"collection":[{"href":"http:\/\/www.psychotherapie-strobl.at\/index.php?rest_route=\/wp\/v2\/pages"}],"about":[{"href":"http:\/\/www.psychotherapie-strobl.at\/index.php?rest_route=\/wp\/v2\/types\/page"}],"author":[{"embeddable":true,"href":"http:\/\/www.psychotherapie-strobl.at\/index.php?rest_route=\/wp\/v2\/users\/1"}],"replies":[{"embeddable":true,"href":"http:\/\/www.psychotherapie-strobl.at\/index.php?rest_route=%2Fwp%2Fv2%2Fcomments&post=100"}],"version-history":[{"count":101,"href":"http:\/\/www.psychotherapie-strobl.at\/index.php?rest_route=\/wp\/v2\/pages\/100\/revisions"}],"predecessor-version":[{"id":2346,"href":"http:\/\/www.psychotherapie-strobl.at\/index.php?rest_route=\/wp\/v2\/pages\/100\/revisions\/2346"}],"wp:attachment":[{"href":"http:\/\/www.psychotherapie-strobl.at\/index.php?rest_route=%2Fwp%2Fv2%2Fmedia&parent=100"}],"curies":[{"name":"wp","href":"https:\/\/api.w.org\/{rel}","templated":true}]}}